{"id":4229,"date":"2023-12-05T15:50:44","date_gmt":"2023-12-05T15:50:44","guid":{"rendered":"https:\/\/tc-abogados.es\/santiago-thomas-de-carranza\/"},"modified":"2024-05-20T19:43:22","modified_gmt":"2024-05-20T19:43:22","slug":"santiago-thomas-de-carranza","status":"publish","type":"page","link":"https:\/\/tc-abogados.es\/en\/santiago-thomas-de-carranza\/","title":{"rendered":"Santiago Thom\u00e1s de Carranza"},"content":{"rendered":"\t\t<div data-elementor-type=\"wp-page\" data-elementor-id=\"4229\" class=\"elementor elementor-4229 elementor-1927\" data-elementor-post-type=\"page\">\n\t\t\t\t\t\t<section class=\"elementor-section elementor-top-section elementor-element elementor-element-5be0b0a elementor-section-full_width elementor-section-height-min-height elementor-section-height-default elementor-section-items-middle\" data-id=\"5be0b0a\" data-element_type=\"section\" data-settings=\"{&quot;background_background&quot;:&quot;classic&quot;}\">\n\t\t\t\t\t\t\t<div class=\"elementor-background-overlay\"><\/div>\n\t\t\t\t\t\t\t<div class=\"elementor-container elementor-column-gap-no\">\n\t\t\t\t\t<div class=\"elementor-column elementor-col-100 elementor-top-column elementor-element elementor-element-7cca213\" data-id=\"7cca213\" data-element_type=\"column\">\n\t\t\t<div class=\"elementor-widget-wrap elementor-element-populated\">\n\t\t\t\t\t\t<div class=\"elementor-element elementor-element-9701c56 elementor-widget elementor-widget-heading\" data-id=\"9701c56\" data-element_type=\"widget\" data-widget_type=\"heading.default\">\n\t\t\t\t<div class=\"elementor-widget-container\">\n\t\t\t\t\t<h2 class=\"elementor-heading-title elementor-size-default\">Semblanza<\/h2>\t\t\t\t<\/div>\n\t\t\t\t<\/div>\n\t\t\t\t\t<\/div>\n\t\t<\/div>\n\t\t\t\t\t<\/div>\n\t\t<\/section>\n\t\t\t\t<section class=\"elementor-section elementor-top-section elementor-element elementor-element-6a9f049 elementor-section-boxed elementor-section-height-default elementor-section-height-default\" data-id=\"6a9f049\" data-element_type=\"section\">\n\t\t\t\t\t\t<div class=\"elementor-container elementor-column-gap-default\">\n\t\t\t\t\t<div class=\"elementor-column elementor-col-100 elementor-top-column elementor-element elementor-element-826bad0\" data-id=\"826bad0\" data-element_type=\"column\">\n\t\t\t<div class=\"elementor-widget-wrap elementor-element-populated\">\n\t\t\t\t\t\t<div class=\"elementor-element elementor-element-32b6021 elementor-widget elementor-widget-heading\" data-id=\"32b6021\" data-element_type=\"widget\" data-widget_type=\"heading.default\">\n\t\t\t\t<div class=\"elementor-widget-container\">\n\t\t\t\t\t<h2 class=\"elementor-heading-title elementor-size-default\">Santiago Thom\u00e1s de Carranza<\/h2>\t\t\t\t<\/div>\n\t\t\t\t<\/div>\n\t\t\t\t\t<\/div>\n\t\t<\/div>\n\t\t\t\t\t<\/div>\n\t\t<\/section>\n\t\t\t\t<section class=\"elementor-section elementor-top-section elementor-element elementor-element-9be7296 elementor-section-boxed elementor-section-height-default elementor-section-height-default\" data-id=\"9be7296\" data-element_type=\"section\">\n\t\t\t\t\t\t<div class=\"elementor-container elementor-column-gap-default\">\n\t\t\t\t\t<div class=\"elementor-column elementor-col-100 elementor-top-column elementor-element elementor-element-aa3bed8\" data-id=\"aa3bed8\" data-element_type=\"column\">\n\t\t\t<div class=\"elementor-widget-wrap elementor-element-populated\">\n\t\t\t\t\t\t<div class=\"elementor-element elementor-element-4e4950f elementor-widget elementor-widget-text-editor\" data-id=\"4e4950f\" data-element_type=\"widget\" data-widget_type=\"text-editor.default\">\n\t\t\t\t<div class=\"elementor-widget-container\">\n\t\t\t\t\t\t\t\t\t<p><\/p>\n<p><strong>Santiago Thom\u00e1s de Carranza y M\u00e9ndez de Vigo<\/strong> is a co-founding partner of the firm. Lawyer and Economist. University Professor. President of the Sports Discipline Committee of the Royal Spanish Equestrian Federation.<\/p>\n<p>After completing his university studies, he prepared for the competitive examination for the position of Counsel of State. In 1997 he joined the law firm of Melchor de las Heras, where he worked in the commercial and public law departments. In 2003, he founded the firm Thom\u00e1s de Carranza Abogados, of which he is currently managing partner.<\/p>\n<p>Santiago has extensive practical experience in the field of commercial and financial law as well as in administrative regulatory law (contentious and advisory) and procedural law.<\/p>\n<p>In the field of <strong>commercial and financial law<\/strong>, he has participated in numerous transactions involving the purchase and sale of companies, investment and disinvestment, venture capital, as well as in the preparation, negotiation and drafting of contracts, agreements and collaboration agreements between companies of different types. He has also advised on the start-up and development of numerous business processes, both in Spain and abroad, working regularly with lawyers from different countries and jurisdictions (start-ups; capital development; shareholder agreements; mergers; spin-offs; separation processes; etc.). He has also participated in the design and implementation of different sale and purchase and financing structures, mainly linked to the real estate sector and the field of renewable energies, advising his clients both in the preliminary phase of construction, supply and commissioning of the facilities, as well as in the financing phase.<\/p>\n<p>In the area of <strong>administrative regulatory law,<\/strong> Santiago has extensive practical experience in both the advisory and procedural fields. He has advised the Ministry of Public Works in the development of the toll road program and its adaptation to new financing techniques, as well as other public entities and organizations. He has also advised different individuals and private entities in their relations with the Public Administrations in matters as diverse as public procurement, construction, service and public domain concessions (water, ports, roads, etc.), health services, postal services, environment, telecommunications, energy, liability of the Public Administrations, expropriations, urban planning, sports, etc.<\/p>\n<p>He has also participated in numerous transactions involving the acquisition and sale of companies operating in the public sector (energy, concessionaires and contractors of the public sector, telecommunications, radio, etc.), as well as in the incorporation and management of regulated entities (venture capital companies, investment services companies, etc.).<\/p>\n<p>In the field of <strong>procedural law,<\/strong> Santiago has more than 20 years of experience, mainly in the field of contentious-administrative jurisdiction and civil and commercial jurisdiction. He has also participated as counsel in different arbitration proceedings (both in law and in equity) and is a member of the Insolvency Administration.<\/p>\n<p>He has been president of the Appeals Committee of the Royal Spanish Equestrian Federation (2008-2010) and is currently president of the Sports Discipline Committee of the Royal Spanish Equestrian Federation, of which he has been a member since 2010. Santiago has also been recommended by the prestigious international directory Best Lawyers as one of the best trial lawyers in the country (period 2013 to date).  <\/p>\n<p>Regarding its link to the <strong>university world<\/strong>  refers, just to point out that Santiago has been a professor of administrative law at Universidad Francisco de Vitoria since 2001; member of the Faculty and the Academic Council of the Master in European Union Law at Universidad Carlos III de Madrid since 2012 (professor of professional deontology); professor of administrative law at Instituto de Estudios Burs\u00e1tiles (IEB) since 2019; guest professor at the University Master&#8217;s Degree in Radio at Fundaci\u00f3n Cope.<\/p>\n<p>He has also been a professor of civil procedural law and contentious-administrative law at the School of Legal Practice of the Faculty of Law of the Complutense University of Madrid from 2001 to 2019.<\/p>\n<p>He is the author of various doctrinal studies and articles and has had the honor of participating as a speaker in various seminars of a legal nature.<\/p>\n<p><\/p>\t\t\t\t\t\t\t\t<\/div>\n\t\t\t\t<\/div>\n\t\t\t\t\t<\/div>\n\t\t<\/div>\n\t\t\t\t\t<\/div>\n\t\t<\/section>\n\t\t\t\t<section class=\"elementor-section elementor-top-section elementor-element elementor-element-ffc9dba elementor-section-boxed elementor-section-height-default elementor-section-height-default\" data-id=\"ffc9dba\" data-element_type=\"section\">\n\t\t\t\t\t\t<div class=\"elementor-container elementor-column-gap-default\">\n\t\t\t\t\t<div class=\"elementor-column elementor-col-100 elementor-top-column elementor-element elementor-element-f1a4502\" data-id=\"f1a4502\" data-element_type=\"column\">\n\t\t\t<div class=\"elementor-widget-wrap elementor-element-populated\">\n\t\t\t\t\t\t<div class=\"elementor-element elementor-element-8380111 elementor-align-left elementor-widget elementor-widget-button\" data-id=\"8380111\" data-element_type=\"widget\" data-widget_type=\"button.default\">\n\t\t\t\t<div class=\"elementor-widget-container\">\n\t\t\t\t\t\t\t\t\t<div class=\"elementor-button-wrapper\">\n\t\t\t\t\t<a class=\"elementor-button elementor-button-link elementor-size-sm\" href=\"https:\/\/z9s.810.myftpupload.com\/equipo\/\">\n\t\t\t\t\t\t<span class=\"elementor-button-content-wrapper\">\n\t\t\t\t\t\t\t\t\t<span class=\"elementor-button-text\">Back &gt;&gt;<\/span>\n\t\t\t\t\t<\/span>\n\t\t\t\t\t<\/a>\n\t\t\t\t<\/div>\n\t\t\t\t\t\t\t\t<\/div>\n\t\t\t\t<\/div>\n\t\t\t\t\t<\/div>\n\t\t<\/div>\n\t\t\t\t\t<\/div>\n\t\t<\/section>\n\t\t\t\t<\/div>\n\t\t","protected":false},"excerpt":{"rendered":"<p>Semblanza Santiago Thom\u00e1s de Carranza Santiago Thom\u00e1s de Carranza y M\u00e9ndez de Vigo is a co-founding partner of the firm. Lawyer and Economist. University Professor. President of the Sports Discipline Committee of the Royal Spanish Equestrian Federation. After completing his university studies, he prepared for the competitive examination for the position of Counsel of State. [&hellip;]<\/p>\n","protected":false},"author":2,"featured_media":0,"parent":0,"menu_order":0,"comment_status":"closed","ping_status":"closed","template":"","meta":{"footnotes":""},"class_list":["post-4229","page","type-page","status-publish","hentry"],"yoast_head":"<!-- This site is optimized with the Yoast SEO plugin v26.4 - https:\/\/yoast.com\/wordpress\/plugins\/seo\/ -->\n<title>Santiago Thom\u00e1s de Carranza - Thom\u00e1s de Carranza Abogados<\/title>\n<meta name=\"robots\" content=\"index, follow, max-snippet:-1, max-image-preview:large, max-video-preview:-1\" \/>\n<link rel=\"canonical\" href=\"https:\/\/tc-abogados.es\/en\/santiago-thomas-de-carranza\/\" \/>\n<meta property=\"og:locale\" content=\"en_US\" \/>\n<meta property=\"og:type\" content=\"article\" \/>\n<meta property=\"og:title\" content=\"Santiago Thom\u00e1s de Carranza - Thom\u00e1s de Carranza Abogados\" \/>\n<meta property=\"og:description\" content=\"Semblanza Santiago Thom\u00e1s de Carranza Santiago Thom\u00e1s de Carranza y M\u00e9ndez de Vigo is a co-founding partner of the firm. Lawyer and Economist. University Professor. President of the Sports Discipline Committee of the Royal Spanish Equestrian Federation. After completing his university studies, he prepared for the competitive examination for the position of Counsel of State. [&hellip;]\" \/>\n<meta property=\"og:url\" content=\"https:\/\/tc-abogados.es\/en\/santiago-thomas-de-carranza\/\" \/>\n<meta property=\"og:site_name\" content=\"Thom\u00e1s de Carranza Abogados\" \/>\n<meta property=\"article:modified_time\" content=\"2024-05-20T19:43:22+00:00\" \/>\n<meta name=\"twitter:card\" content=\"summary_large_image\" \/>\n<meta name=\"twitter:label1\" content=\"Est. reading time\" \/>\n\t<meta name=\"twitter:data1\" content=\"3 minutes\" \/>\n<script type=\"application\/ld+json\" class=\"yoast-schema-graph\">{\"@context\":\"https:\/\/schema.org\",\"@graph\":[{\"@type\":\"WebPage\",\"@id\":\"https:\/\/tc-abogados.es\/en\/santiago-thomas-de-carranza\/\",\"url\":\"https:\/\/tc-abogados.es\/en\/santiago-thomas-de-carranza\/\",\"name\":\"Santiago Thom\u00e1s de Carranza - Thom\u00e1s de Carranza Abogados\",\"isPartOf\":{\"@id\":\"https:\/\/tc-abogados.es\/en\/#website\"},\"datePublished\":\"2023-12-05T15:50:44+00:00\",\"dateModified\":\"2024-05-20T19:43:22+00:00\",\"breadcrumb\":{\"@id\":\"https:\/\/tc-abogados.es\/en\/santiago-thomas-de-carranza\/#breadcrumb\"},\"inLanguage\":\"en-US\",\"potentialAction\":[{\"@type\":\"ReadAction\",\"target\":[\"https:\/\/tc-abogados.es\/en\/santiago-thomas-de-carranza\/\"]}]},{\"@type\":\"BreadcrumbList\",\"@id\":\"https:\/\/tc-abogados.es\/en\/santiago-thomas-de-carranza\/#breadcrumb\",\"itemListElement\":[{\"@type\":\"ListItem\",\"position\":1,\"name\":\"Portada\",\"item\":\"https:\/\/tc-abogados.es\/en\/\"},{\"@type\":\"ListItem\",\"position\":2,\"name\":\"Santiago Thom\u00e1s de Carranza\"}]},{\"@type\":\"WebSite\",\"@id\":\"https:\/\/tc-abogados.es\/en\/#website\",\"url\":\"https:\/\/tc-abogados.es\/en\/\",\"name\":\"Thom\u00e1s de Carranza Abogados\",\"description\":\"\",\"publisher\":{\"@id\":\"https:\/\/tc-abogados.es\/en\/#organization\"},\"potentialAction\":[{\"@type\":\"SearchAction\",\"target\":{\"@type\":\"EntryPoint\",\"urlTemplate\":\"https:\/\/tc-abogados.es\/en\/?s={search_term_string}\"},\"query-input\":{\"@type\":\"PropertyValueSpecification\",\"valueRequired\":true,\"valueName\":\"search_term_string\"}}],\"inLanguage\":\"en-US\"},{\"@type\":\"Organization\",\"@id\":\"https:\/\/tc-abogados.es\/en\/#organization\",\"name\":\"Thom\u00e1s de Carranza Abogados\",\"url\":\"https:\/\/tc-abogados.es\/en\/\",\"logo\":{\"@type\":\"ImageObject\",\"inLanguage\":\"en-US\",\"@id\":\"https:\/\/tc-abogados.es\/en\/#\/schema\/logo\/image\/\",\"url\":\"https:\/\/tc-abogados.es\/wp-content\/uploads\/2023\/09\/cropped-favicon_tdc.png\",\"contentUrl\":\"https:\/\/tc-abogados.es\/wp-content\/uploads\/2023\/09\/cropped-favicon_tdc.png\",\"width\":512,\"height\":512,\"caption\":\"Thom\u00e1s de Carranza Abogados\"},\"image\":{\"@id\":\"https:\/\/tc-abogados.es\/en\/#\/schema\/logo\/image\/\"},\"sameAs\":[\"https:\/\/www.linkedin.com\/company\/thomas-de-carranza-abogados\/\",\"https:\/\/www.youtube.com\/@thomasdecarranzaabogados2678\"]}]}<\/script>\n<!-- \/ Yoast SEO plugin. -->","yoast_head_json":{"title":"Santiago Thom\u00e1s de Carranza - Thom\u00e1s de Carranza Abogados","robots":{"index":"index","follow":"follow","max-snippet":"max-snippet:-1","max-image-preview":"max-image-preview:large","max-video-preview":"max-video-preview:-1"},"canonical":"https:\/\/tc-abogados.es\/en\/santiago-thomas-de-carranza\/","og_locale":"en_US","og_type":"article","og_title":"Santiago Thom\u00e1s de Carranza - Thom\u00e1s de Carranza Abogados","og_description":"Semblanza Santiago Thom\u00e1s de Carranza Santiago Thom\u00e1s de Carranza y M\u00e9ndez de Vigo is a co-founding partner of the firm. Lawyer and Economist. University Professor. President of the Sports Discipline Committee of the Royal Spanish Equestrian Federation. After completing his university studies, he prepared for the competitive examination for the position of Counsel of State. [&hellip;]","og_url":"https:\/\/tc-abogados.es\/en\/santiago-thomas-de-carranza\/","og_site_name":"Thom\u00e1s de Carranza Abogados","article_modified_time":"2024-05-20T19:43:22+00:00","twitter_card":"summary_large_image","twitter_misc":{"Est. reading time":"3 minutes"},"schema":{"@context":"https:\/\/schema.org","@graph":[{"@type":"WebPage","@id":"https:\/\/tc-abogados.es\/en\/santiago-thomas-de-carranza\/","url":"https:\/\/tc-abogados.es\/en\/santiago-thomas-de-carranza\/","name":"Santiago Thom\u00e1s de Carranza - Thom\u00e1s de Carranza Abogados","isPartOf":{"@id":"https:\/\/tc-abogados.es\/en\/#website"},"datePublished":"2023-12-05T15:50:44+00:00","dateModified":"2024-05-20T19:43:22+00:00","breadcrumb":{"@id":"https:\/\/tc-abogados.es\/en\/santiago-thomas-de-carranza\/#breadcrumb"},"inLanguage":"en-US","potentialAction":[{"@type":"ReadAction","target":["https:\/\/tc-abogados.es\/en\/santiago-thomas-de-carranza\/"]}]},{"@type":"BreadcrumbList","@id":"https:\/\/tc-abogados.es\/en\/santiago-thomas-de-carranza\/#breadcrumb","itemListElement":[{"@type":"ListItem","position":1,"name":"Portada","item":"https:\/\/tc-abogados.es\/en\/"},{"@type":"ListItem","position":2,"name":"Santiago Thom\u00e1s de Carranza"}]},{"@type":"WebSite","@id":"https:\/\/tc-abogados.es\/en\/#website","url":"https:\/\/tc-abogados.es\/en\/","name":"Thom\u00e1s de Carranza Abogados","description":"","publisher":{"@id":"https:\/\/tc-abogados.es\/en\/#organization"},"potentialAction":[{"@type":"SearchAction","target":{"@type":"EntryPoint","urlTemplate":"https:\/\/tc-abogados.es\/en\/?s={search_term_string}"},"query-input":{"@type":"PropertyValueSpecification","valueRequired":true,"valueName":"search_term_string"}}],"inLanguage":"en-US"},{"@type":"Organization","@id":"https:\/\/tc-abogados.es\/en\/#organization","name":"Thom\u00e1s de Carranza Abogados","url":"https:\/\/tc-abogados.es\/en\/","logo":{"@type":"ImageObject","inLanguage":"en-US","@id":"https:\/\/tc-abogados.es\/en\/#\/schema\/logo\/image\/","url":"https:\/\/tc-abogados.es\/wp-content\/uploads\/2023\/09\/cropped-favicon_tdc.png","contentUrl":"https:\/\/tc-abogados.es\/wp-content\/uploads\/2023\/09\/cropped-favicon_tdc.png","width":512,"height":512,"caption":"Thom\u00e1s de Carranza Abogados"},"image":{"@id":"https:\/\/tc-abogados.es\/en\/#\/schema\/logo\/image\/"},"sameAs":["https:\/\/www.linkedin.com\/company\/thomas-de-carranza-abogados\/","https:\/\/www.youtube.com\/@thomasdecarranzaabogados2678"]}]}},"_links":{"self":[{"href":"https:\/\/tc-abogados.es\/en\/wp-json\/wp\/v2\/pages\/4229","targetHints":{"allow":["GET"]}}],"collection":[{"href":"https:\/\/tc-abogados.es\/en\/wp-json\/wp\/v2\/pages"}],"about":[{"href":"https:\/\/tc-abogados.es\/en\/wp-json\/wp\/v2\/types\/page"}],"author":[{"embeddable":true,"href":"https:\/\/tc-abogados.es\/en\/wp-json\/wp\/v2\/users\/2"}],"replies":[{"embeddable":true,"href":"https:\/\/tc-abogados.es\/en\/wp-json\/wp\/v2\/comments?post=4229"}],"version-history":[{"count":3,"href":"https:\/\/tc-abogados.es\/en\/wp-json\/wp\/v2\/pages\/4229\/revisions"}],"predecessor-version":[{"id":4234,"href":"https:\/\/tc-abogados.es\/en\/wp-json\/wp\/v2\/pages\/4229\/revisions\/4234"}],"wp:attachment":[{"href":"https:\/\/tc-abogados.es\/en\/wp-json\/wp\/v2\/media?parent=4229"}],"curies":[{"name":"wp","href":"https:\/\/api.w.org\/{rel}","templated":true}]}}