{"id":4236,"date":"2024-01-08T08:35:35","date_gmt":"2024-01-08T08:35:35","guid":{"rendered":"https:\/\/tc-abogados.es\/inigo-sanchez-del-campo-basagoiti\/"},"modified":"2024-05-20T19:43:23","modified_gmt":"2024-05-20T19:43:23","slug":"inigo-sanchez-del-campo-basagoiti","status":"publish","type":"page","link":"https:\/\/tc-abogados.es\/en\/inigo-sanchez-del-campo-basagoiti\/","title":{"rendered":"I\u00f1igo S\u00e1nchez del Campo Basagoiti"},"content":{"rendered":"\t\t<div data-elementor-type=\"wp-page\" data-elementor-id=\"4236\" class=\"elementor elementor-4236 elementor-2405\" data-elementor-post-type=\"page\">\n\t\t\t\t\t\t<section class=\"elementor-section elementor-top-section elementor-element elementor-element-56db0c7 elementor-section-full_width elementor-section-height-min-height elementor-section-height-default elementor-section-items-middle\" data-id=\"56db0c7\" data-element_type=\"section\" data-settings=\"{&quot;background_background&quot;:&quot;classic&quot;}\">\n\t\t\t\t\t\t\t<div class=\"elementor-background-overlay\"><\/div>\n\t\t\t\t\t\t\t<div class=\"elementor-container elementor-column-gap-no\">\n\t\t\t\t\t<div class=\"elementor-column elementor-col-100 elementor-top-column elementor-element elementor-element-5783a5d\" data-id=\"5783a5d\" data-element_type=\"column\">\n\t\t\t<div class=\"elementor-widget-wrap elementor-element-populated\">\n\t\t\t\t\t\t<div class=\"elementor-element elementor-element-4f07169 elementor-widget elementor-widget-heading\" data-id=\"4f07169\" data-element_type=\"widget\" data-widget_type=\"heading.default\">\n\t\t\t\t<div class=\"elementor-widget-container\">\n\t\t\t\t\t<h2 class=\"elementor-heading-title elementor-size-default\">Semblanza<\/h2>\t\t\t\t<\/div>\n\t\t\t\t<\/div>\n\t\t\t\t\t<\/div>\n\t\t<\/div>\n\t\t\t\t\t<\/div>\n\t\t<\/section>\n\t\t\t\t<section class=\"elementor-section elementor-top-section elementor-element elementor-element-30291a2 elementor-section-boxed elementor-section-height-default elementor-section-height-default\" data-id=\"30291a2\" data-element_type=\"section\">\n\t\t\t\t\t\t<div class=\"elementor-container elementor-column-gap-default\">\n\t\t\t\t\t<div class=\"elementor-column elementor-col-100 elementor-top-column elementor-element elementor-element-68ad244\" data-id=\"68ad244\" data-element_type=\"column\">\n\t\t\t<div class=\"elementor-widget-wrap elementor-element-populated\">\n\t\t\t\t\t\t<div class=\"elementor-element elementor-element-0985daa elementor-widget elementor-widget-heading\" data-id=\"0985daa\" data-element_type=\"widget\" data-widget_type=\"heading.default\">\n\t\t\t\t<div class=\"elementor-widget-container\">\n\t\t\t\t\t<h2 class=\"elementor-heading-title elementor-size-default\">I\u00f1igo S\u00e1nchez del Campo Basagoiti<\/h2>\t\t\t\t<\/div>\n\t\t\t\t<\/div>\n\t\t\t\t\t<\/div>\n\t\t<\/div>\n\t\t\t\t\t<\/div>\n\t\t<\/section>\n\t\t\t\t<section class=\"elementor-section elementor-top-section elementor-element elementor-element-4ff3688 elementor-section-boxed elementor-section-height-default elementor-section-height-default\" data-id=\"4ff3688\" data-element_type=\"section\">\n\t\t\t\t\t\t<div class=\"elementor-container elementor-column-gap-default\">\n\t\t\t\t\t<div class=\"elementor-column elementor-col-100 elementor-top-column elementor-element elementor-element-2fd930c\" data-id=\"2fd930c\" data-element_type=\"column\">\n\t\t\t<div class=\"elementor-widget-wrap elementor-element-populated\">\n\t\t\t\t\t\t<div class=\"elementor-element elementor-element-ad53139 elementor-widget elementor-widget-text-editor\" data-id=\"ad53139\" data-element_type=\"widget\" data-widget_type=\"text-editor.default\">\n\t\t\t\t<div class=\"elementor-widget-container\">\n\t\t\t\t\t\t\t\t\t<p><\/p>\n<p><span style=\"font-weight: 400;\">I\u00f1igo S\u00e1nchez del Campo Basagoiti is a partner specialized in Commercial and Real Estate Law, developing the Real Estate Legal Management Area of which he is co-responsible. During his more than 20 years of professional experience, I\u00f1igo has been linked to the business world. He has focused his activity on commercial law, corporate law, contractual activity of companies, relationships between partners, mergers and acquisitions, <em>due diligence<\/em> processes, corporate governance or <em>compliance, among others <\/em>. He has worked in a wide variety of sectors such as: transportation, residential, hotel, renewable energies, supplies or health.<\/span><\/p>\n<p><span style=\"font-weight: 400;\">I\u00f1igo provides day-to-day advice to a large number of real estate companies (SIIs, FIIs, Socimi, family estates), participating in the management and resolution of all their disputes and, in many cases, assuming the general secretariat of the Boards of Directors.<\/span><\/p>\n<p><span style=\"font-weight: 400;\">I\u00f1igo S\u00e1nchez del Campo participates in the regulatory management of the Socimis he represents, managing and advising them in their activities in the continuous market and alternative markets (BME Growth, Euronext&#8230;). In addition, it maintains its judicial activity, assuming legal representation in all types of civil, bankruptcy and contentious-administrative proceedings.<\/span><\/p>\n<p><\/p>\t\t\t\t\t\t\t\t<\/div>\n\t\t\t\t<\/div>\n\t\t\t\t\t<\/div>\n\t\t<\/div>\n\t\t\t\t\t<\/div>\n\t\t<\/section>\n\t\t\t\t<section class=\"elementor-section elementor-top-section elementor-element elementor-element-152753a elementor-section-boxed elementor-section-height-default elementor-section-height-default\" data-id=\"152753a\" data-element_type=\"section\">\n\t\t\t\t\t\t<div class=\"elementor-container elementor-column-gap-default\">\n\t\t\t\t\t<div class=\"elementor-column elementor-col-100 elementor-top-column elementor-element elementor-element-3a2b188\" data-id=\"3a2b188\" data-element_type=\"column\">\n\t\t\t<div class=\"elementor-widget-wrap elementor-element-populated\">\n\t\t\t\t\t\t<div class=\"elementor-element elementor-element-a1b5411 elementor-align-left elementor-widget elementor-widget-button\" data-id=\"a1b5411\" data-element_type=\"widget\" data-widget_type=\"button.default\">\n\t\t\t\t<div class=\"elementor-widget-container\">\n\t\t\t\t\t\t\t\t\t<div class=\"elementor-button-wrapper\">\n\t\t\t\t\t<a class=\"elementor-button elementor-button-link elementor-size-sm\" href=\"https:\/\/tc-abogados.es\/equipo\/\">\n\t\t\t\t\t\t<span class=\"elementor-button-content-wrapper\">\n\t\t\t\t\t\t\t\t\t<span class=\"elementor-button-text\">Back &gt;&gt;<\/span>\n\t\t\t\t\t<\/span>\n\t\t\t\t\t<\/a>\n\t\t\t\t<\/div>\n\t\t\t\t\t\t\t\t<\/div>\n\t\t\t\t<\/div>\n\t\t\t\t\t<\/div>\n\t\t<\/div>\n\t\t\t\t\t<\/div>\n\t\t<\/section>\n\t\t\t\t<\/div>\n\t\t","protected":false},"excerpt":{"rendered":"<p>Semblanza I\u00f1igo S\u00e1nchez del Campo Basagoiti I\u00f1igo S\u00e1nchez del Campo Basagoiti is a partner specialized in Commercial and Real Estate Law, developing the Real Estate Legal Management Area of which he is co-responsible. During his more than 20 years of professional experience, I\u00f1igo has been linked to the business world. He has focused his activity [&hellip;]<\/p>\n","protected":false},"author":1,"featured_media":0,"parent":0,"menu_order":0,"comment_status":"closed","ping_status":"closed","template":"","meta":{"footnotes":""},"class_list":["post-4236","page","type-page","status-publish","hentry"],"yoast_head":"<!-- This site is optimized with the Yoast SEO plugin v26.4 - https:\/\/yoast.com\/wordpress\/plugins\/seo\/ -->\n<title>I\u00f1igo S\u00e1nchez del Campo Basagoiti - Thom\u00e1s de Carranza Abogados<\/title>\n<meta name=\"robots\" content=\"index, follow, max-snippet:-1, max-image-preview:large, max-video-preview:-1\" \/>\n<link rel=\"canonical\" href=\"https:\/\/tc-abogados.es\/en\/inigo-sanchez-del-campo-basagoiti\/\" \/>\n<meta property=\"og:locale\" content=\"en_US\" \/>\n<meta property=\"og:type\" content=\"article\" \/>\n<meta property=\"og:title\" content=\"I\u00f1igo S\u00e1nchez del Campo Basagoiti - Thom\u00e1s de Carranza Abogados\" \/>\n<meta property=\"og:description\" content=\"Semblanza I\u00f1igo S\u00e1nchez del Campo Basagoiti I\u00f1igo S\u00e1nchez del Campo Basagoiti is a partner specialized in Commercial and Real Estate Law, developing the Real Estate Legal Management Area of which he is co-responsible. During his more than 20 years of professional experience, I\u00f1igo has been linked to the business world. He has focused his activity [&hellip;]\" \/>\n<meta property=\"og:url\" content=\"https:\/\/tc-abogados.es\/en\/inigo-sanchez-del-campo-basagoiti\/\" \/>\n<meta property=\"og:site_name\" content=\"Thom\u00e1s de Carranza Abogados\" \/>\n<meta property=\"article:modified_time\" content=\"2024-05-20T19:43:23+00:00\" \/>\n<meta name=\"twitter:card\" content=\"summary_large_image\" \/>\n<meta name=\"twitter:label1\" content=\"Est. reading time\" \/>\n\t<meta name=\"twitter:data1\" content=\"1 minute\" \/>\n<script type=\"application\/ld+json\" class=\"yoast-schema-graph\">{\"@context\":\"https:\/\/schema.org\",\"@graph\":[{\"@type\":\"WebPage\",\"@id\":\"https:\/\/tc-abogados.es\/en\/inigo-sanchez-del-campo-basagoiti\/\",\"url\":\"https:\/\/tc-abogados.es\/en\/inigo-sanchez-del-campo-basagoiti\/\",\"name\":\"I\u00f1igo S\u00e1nchez del Campo Basagoiti - Thom\u00e1s de Carranza Abogados\",\"isPartOf\":{\"@id\":\"https:\/\/tc-abogados.es\/en\/#website\"},\"datePublished\":\"2024-01-08T08:35:35+00:00\",\"dateModified\":\"2024-05-20T19:43:23+00:00\",\"breadcrumb\":{\"@id\":\"https:\/\/tc-abogados.es\/en\/inigo-sanchez-del-campo-basagoiti\/#breadcrumb\"},\"inLanguage\":\"en-US\",\"potentialAction\":[{\"@type\":\"ReadAction\",\"target\":[\"https:\/\/tc-abogados.es\/en\/inigo-sanchez-del-campo-basagoiti\/\"]}]},{\"@type\":\"BreadcrumbList\",\"@id\":\"https:\/\/tc-abogados.es\/en\/inigo-sanchez-del-campo-basagoiti\/#breadcrumb\",\"itemListElement\":[{\"@type\":\"ListItem\",\"position\":1,\"name\":\"Portada\",\"item\":\"https:\/\/tc-abogados.es\/en\/\"},{\"@type\":\"ListItem\",\"position\":2,\"name\":\"I\u00f1igo S\u00e1nchez del Campo Basagoiti\"}]},{\"@type\":\"WebSite\",\"@id\":\"https:\/\/tc-abogados.es\/en\/#website\",\"url\":\"https:\/\/tc-abogados.es\/en\/\",\"name\":\"Thom\u00e1s de Carranza Abogados\",\"description\":\"\",\"publisher\":{\"@id\":\"https:\/\/tc-abogados.es\/en\/#organization\"},\"potentialAction\":[{\"@type\":\"SearchAction\",\"target\":{\"@type\":\"EntryPoint\",\"urlTemplate\":\"https:\/\/tc-abogados.es\/en\/?s={search_term_string}\"},\"query-input\":{\"@type\":\"PropertyValueSpecification\",\"valueRequired\":true,\"valueName\":\"search_term_string\"}}],\"inLanguage\":\"en-US\"},{\"@type\":\"Organization\",\"@id\":\"https:\/\/tc-abogados.es\/en\/#organization\",\"name\":\"Thom\u00e1s de Carranza Abogados\",\"url\":\"https:\/\/tc-abogados.es\/en\/\",\"logo\":{\"@type\":\"ImageObject\",\"inLanguage\":\"en-US\",\"@id\":\"https:\/\/tc-abogados.es\/en\/#\/schema\/logo\/image\/\",\"url\":\"https:\/\/tc-abogados.es\/wp-content\/uploads\/2023\/09\/cropped-favicon_tdc.png\",\"contentUrl\":\"https:\/\/tc-abogados.es\/wp-content\/uploads\/2023\/09\/cropped-favicon_tdc.png\",\"width\":512,\"height\":512,\"caption\":\"Thom\u00e1s de Carranza Abogados\"},\"image\":{\"@id\":\"https:\/\/tc-abogados.es\/en\/#\/schema\/logo\/image\/\"},\"sameAs\":[\"https:\/\/www.linkedin.com\/company\/thomas-de-carranza-abogados\/\",\"https:\/\/www.youtube.com\/@thomasdecarranzaabogados2678\"]}]}<\/script>\n<!-- \/ Yoast SEO plugin. -->","yoast_head_json":{"title":"I\u00f1igo S\u00e1nchez del Campo Basagoiti - Thom\u00e1s de Carranza Abogados","robots":{"index":"index","follow":"follow","max-snippet":"max-snippet:-1","max-image-preview":"max-image-preview:large","max-video-preview":"max-video-preview:-1"},"canonical":"https:\/\/tc-abogados.es\/en\/inigo-sanchez-del-campo-basagoiti\/","og_locale":"en_US","og_type":"article","og_title":"I\u00f1igo S\u00e1nchez del Campo Basagoiti - Thom\u00e1s de Carranza Abogados","og_description":"Semblanza I\u00f1igo S\u00e1nchez del Campo Basagoiti I\u00f1igo S\u00e1nchez del Campo Basagoiti is a partner specialized in Commercial and Real Estate Law, developing the Real Estate Legal Management Area of which he is co-responsible. During his more than 20 years of professional experience, I\u00f1igo has been linked to the business world. He has focused his activity [&hellip;]","og_url":"https:\/\/tc-abogados.es\/en\/inigo-sanchez-del-campo-basagoiti\/","og_site_name":"Thom\u00e1s de Carranza Abogados","article_modified_time":"2024-05-20T19:43:23+00:00","twitter_card":"summary_large_image","twitter_misc":{"Est. reading time":"1 minute"},"schema":{"@context":"https:\/\/schema.org","@graph":[{"@type":"WebPage","@id":"https:\/\/tc-abogados.es\/en\/inigo-sanchez-del-campo-basagoiti\/","url":"https:\/\/tc-abogados.es\/en\/inigo-sanchez-del-campo-basagoiti\/","name":"I\u00f1igo S\u00e1nchez del Campo Basagoiti - Thom\u00e1s de Carranza Abogados","isPartOf":{"@id":"https:\/\/tc-abogados.es\/en\/#website"},"datePublished":"2024-01-08T08:35:35+00:00","dateModified":"2024-05-20T19:43:23+00:00","breadcrumb":{"@id":"https:\/\/tc-abogados.es\/en\/inigo-sanchez-del-campo-basagoiti\/#breadcrumb"},"inLanguage":"en-US","potentialAction":[{"@type":"ReadAction","target":["https:\/\/tc-abogados.es\/en\/inigo-sanchez-del-campo-basagoiti\/"]}]},{"@type":"BreadcrumbList","@id":"https:\/\/tc-abogados.es\/en\/inigo-sanchez-del-campo-basagoiti\/#breadcrumb","itemListElement":[{"@type":"ListItem","position":1,"name":"Portada","item":"https:\/\/tc-abogados.es\/en\/"},{"@type":"ListItem","position":2,"name":"I\u00f1igo S\u00e1nchez del Campo Basagoiti"}]},{"@type":"WebSite","@id":"https:\/\/tc-abogados.es\/en\/#website","url":"https:\/\/tc-abogados.es\/en\/","name":"Thom\u00e1s de Carranza Abogados","description":"","publisher":{"@id":"https:\/\/tc-abogados.es\/en\/#organization"},"potentialAction":[{"@type":"SearchAction","target":{"@type":"EntryPoint","urlTemplate":"https:\/\/tc-abogados.es\/en\/?s={search_term_string}"},"query-input":{"@type":"PropertyValueSpecification","valueRequired":true,"valueName":"search_term_string"}}],"inLanguage":"en-US"},{"@type":"Organization","@id":"https:\/\/tc-abogados.es\/en\/#organization","name":"Thom\u00e1s de Carranza Abogados","url":"https:\/\/tc-abogados.es\/en\/","logo":{"@type":"ImageObject","inLanguage":"en-US","@id":"https:\/\/tc-abogados.es\/en\/#\/schema\/logo\/image\/","url":"https:\/\/tc-abogados.es\/wp-content\/uploads\/2023\/09\/cropped-favicon_tdc.png","contentUrl":"https:\/\/tc-abogados.es\/wp-content\/uploads\/2023\/09\/cropped-favicon_tdc.png","width":512,"height":512,"caption":"Thom\u00e1s de Carranza Abogados"},"image":{"@id":"https:\/\/tc-abogados.es\/en\/#\/schema\/logo\/image\/"},"sameAs":["https:\/\/www.linkedin.com\/company\/thomas-de-carranza-abogados\/","https:\/\/www.youtube.com\/@thomasdecarranzaabogados2678"]}]}},"_links":{"self":[{"href":"https:\/\/tc-abogados.es\/en\/wp-json\/wp\/v2\/pages\/4236","targetHints":{"allow":["GET"]}}],"collection":[{"href":"https:\/\/tc-abogados.es\/en\/wp-json\/wp\/v2\/pages"}],"about":[{"href":"https:\/\/tc-abogados.es\/en\/wp-json\/wp\/v2\/types\/page"}],"author":[{"embeddable":true,"href":"https:\/\/tc-abogados.es\/en\/wp-json\/wp\/v2\/users\/1"}],"replies":[{"embeddable":true,"href":"https:\/\/tc-abogados.es\/en\/wp-json\/wp\/v2\/comments?post=4236"}],"version-history":[{"count":3,"href":"https:\/\/tc-abogados.es\/en\/wp-json\/wp\/v2\/pages\/4236\/revisions"}],"predecessor-version":[{"id":4240,"href":"https:\/\/tc-abogados.es\/en\/wp-json\/wp\/v2\/pages\/4236\/revisions\/4240"}],"wp:attachment":[{"href":"https:\/\/tc-abogados.es\/en\/wp-json\/wp\/v2\/media?parent=4236"}],"curies":[{"name":"wp","href":"https:\/\/api.w.org\/{rel}","templated":true}]}}