{"id":4243,"date":"2024-01-08T08:24:44","date_gmt":"2024-01-08T08:24:44","guid":{"rendered":"https:\/\/tc-abogados.es\/cristina-simon-amian\/"},"modified":"2024-05-20T19:43:24","modified_gmt":"2024-05-20T19:43:24","slug":"cristina-simon-amian","status":"publish","type":"page","link":"https:\/\/tc-abogados.es\/en\/cristina-simon-amian\/","title":{"rendered":"Cristina Sim\u00f3n Ami\u00e1n"},"content":{"rendered":"\t\t<div data-elementor-type=\"wp-page\" data-elementor-id=\"4243\" class=\"elementor elementor-4243 elementor-2395\" data-elementor-post-type=\"page\">\n\t\t\t\t\t\t<section class=\"elementor-section elementor-top-section elementor-element elementor-element-90fb483 elementor-section-full_width elementor-section-height-min-height elementor-section-height-default elementor-section-items-middle\" data-id=\"90fb483\" data-element_type=\"section\" data-settings=\"{&quot;background_background&quot;:&quot;classic&quot;}\">\n\t\t\t\t\t\t\t<div class=\"elementor-background-overlay\"><\/div>\n\t\t\t\t\t\t\t<div class=\"elementor-container elementor-column-gap-no\">\n\t\t\t\t\t<div class=\"elementor-column elementor-col-100 elementor-top-column elementor-element elementor-element-291acac\" data-id=\"291acac\" data-element_type=\"column\">\n\t\t\t<div class=\"elementor-widget-wrap elementor-element-populated\">\n\t\t\t\t\t\t<div class=\"elementor-element elementor-element-042fad7 elementor-widget elementor-widget-heading\" data-id=\"042fad7\" data-element_type=\"widget\" data-widget_type=\"heading.default\">\n\t\t\t\t<div class=\"elementor-widget-container\">\n\t\t\t\t\t<h2 class=\"elementor-heading-title elementor-size-default\">Semblanza<\/h2>\t\t\t\t<\/div>\n\t\t\t\t<\/div>\n\t\t\t\t\t<\/div>\n\t\t<\/div>\n\t\t\t\t\t<\/div>\n\t\t<\/section>\n\t\t\t\t<section class=\"elementor-section elementor-top-section elementor-element elementor-element-f3aaf67 elementor-section-boxed elementor-section-height-default elementor-section-height-default\" data-id=\"f3aaf67\" data-element_type=\"section\">\n\t\t\t\t\t\t<div class=\"elementor-container elementor-column-gap-default\">\n\t\t\t\t\t<div class=\"elementor-column elementor-col-100 elementor-top-column elementor-element elementor-element-d1dd13c\" data-id=\"d1dd13c\" data-element_type=\"column\">\n\t\t\t<div class=\"elementor-widget-wrap elementor-element-populated\">\n\t\t\t\t\t\t<div class=\"elementor-element elementor-element-260b5c0 elementor-widget elementor-widget-heading\" data-id=\"260b5c0\" data-element_type=\"widget\" data-widget_type=\"heading.default\">\n\t\t\t\t<div class=\"elementor-widget-container\">\n\t\t\t\t\t<h2 class=\"elementor-heading-title elementor-size-default\">Cristina Sim\u00f3n Ami\u00e1n<\/h2>\t\t\t\t<\/div>\n\t\t\t\t<\/div>\n\t\t\t\t\t<\/div>\n\t\t<\/div>\n\t\t\t\t\t<\/div>\n\t\t<\/section>\n\t\t\t\t<section class=\"elementor-section elementor-top-section elementor-element elementor-element-a6595cf elementor-section-boxed elementor-section-height-default elementor-section-height-default\" data-id=\"a6595cf\" data-element_type=\"section\">\n\t\t\t\t\t\t<div class=\"elementor-container elementor-column-gap-default\">\n\t\t\t\t\t<div class=\"elementor-column elementor-col-100 elementor-top-column elementor-element elementor-element-82af41b\" data-id=\"82af41b\" data-element_type=\"column\">\n\t\t\t<div class=\"elementor-widget-wrap elementor-element-populated\">\n\t\t\t\t\t\t<div class=\"elementor-element elementor-element-29b27e1 elementor-widget elementor-widget-text-editor\" data-id=\"29b27e1\" data-element_type=\"widget\" data-widget_type=\"text-editor.default\">\n\t\t\t\t<div class=\"elementor-widget-container\">\n\t\t\t\t\t\t\t\t\t<p><\/p>\n<p>Law degree from the Complutense University of Madrid. Graduated from the Centro de Estudios Tributarios y Econ\u00f3micos de Madrid (CETE).<\/p>\n<p>Cristina joined the firm in 2005. She specializes in commercial, procedural and bankruptcy law. Solid experience in the field of corporate law, advising companies in the incorporation and development of commercial companies; purchase and sale of assets; mergers and acquisitions; capital investments, shareholders&#8217; agreements &#8211; shareholders&#8217; agreements, management agreements, capital increases and reductions; negotiation and formalization of commercial contracts. Secretarial services for Spanish and foreign companies.<\/p>\n<p>Extensive professional experience in civil and bankruptcy litigation, assuming the technical management of numerous legal proceedings (claim procedures; contractual breaches; etc.).<\/p>\n<p>Experience in advising and technical management of judicial and arbitration proceedings in advertising and unfair competition matters.<\/p>\n<p>Since 2018 Cristina is included by her colleagues in the ranking The Best Lawyers in Spain, in the area of Tax Law.<\/p>\n<p><\/p>\n\t\t\t\t\t\t\t\t<\/div>\n\t\t\t\t<\/div>\n\t\t\t\t\t<\/div>\n\t\t<\/div>\n\t\t\t\t\t<\/div>\n\t\t<\/section>\n\t\t\t\t<section class=\"elementor-section elementor-top-section elementor-element elementor-element-559496f elementor-section-boxed elementor-section-height-default elementor-section-height-default\" data-id=\"559496f\" data-element_type=\"section\">\n\t\t\t\t\t\t<div class=\"elementor-container elementor-column-gap-default\">\n\t\t\t\t\t<div class=\"elementor-column elementor-col-100 elementor-top-column elementor-element elementor-element-315b4cc\" data-id=\"315b4cc\" data-element_type=\"column\">\n\t\t\t<div class=\"elementor-widget-wrap elementor-element-populated\">\n\t\t\t\t\t\t<div class=\"elementor-element elementor-element-a2e71b8 elementor-align-left elementor-widget elementor-widget-button\" data-id=\"a2e71b8\" data-element_type=\"widget\" data-widget_type=\"button.default\">\n\t\t\t\t<div class=\"elementor-widget-container\">\n\t\t\t\t\t\t\t\t\t<div class=\"elementor-button-wrapper\">\n\t\t\t\t\t<a class=\"elementor-button elementor-button-link elementor-size-sm\" href=\"https:\/\/tc-abogados.es\/equipo\/\">\n\t\t\t\t\t\t<span class=\"elementor-button-content-wrapper\">\n\t\t\t\t\t\t\t\t\t<span class=\"elementor-button-text\">Back &gt;&gt;<\/span>\n\t\t\t\t\t<\/span>\n\t\t\t\t\t<\/a>\n\t\t\t\t<\/div>\n\t\t\t\t\t\t\t\t<\/div>\n\t\t\t\t<\/div>\n\t\t\t\t\t<\/div>\n\t\t<\/div>\n\t\t\t\t\t<\/div>\n\t\t<\/section>\n\t\t\t\t<\/div>\n\t\t","protected":false},"excerpt":{"rendered":"<p>Semblanza Cristina Sim\u00f3n Ami\u00e1n Law degree from the Complutense University of Madrid. Graduated from the Centro de Estudios Tributarios y Econ\u00f3micos de Madrid (CETE). Cristina joined the firm in 2005. She specializes in commercial, procedural and bankruptcy law. Solid experience in the field of corporate law, advising companies in the incorporation and development of commercial [&hellip;]<\/p>\n","protected":false},"author":1,"featured_media":0,"parent":0,"menu_order":0,"comment_status":"closed","ping_status":"closed","template":"","meta":{"footnotes":""},"class_list":["post-4243","page","type-page","status-publish","hentry"],"yoast_head":"<!-- This site is optimized with the Yoast SEO plugin v26.4 - https:\/\/yoast.com\/wordpress\/plugins\/seo\/ -->\n<title>Cristina Sim\u00f3n Ami\u00e1n - Thom\u00e1s de Carranza Abogados<\/title>\n<meta name=\"robots\" content=\"index, follow, max-snippet:-1, max-image-preview:large, max-video-preview:-1\" \/>\n<link rel=\"canonical\" href=\"https:\/\/tc-abogados.es\/en\/cristina-simon-amian\/\" \/>\n<meta property=\"og:locale\" content=\"en_US\" \/>\n<meta property=\"og:type\" content=\"article\" \/>\n<meta property=\"og:title\" content=\"Cristina Sim\u00f3n Ami\u00e1n - Thom\u00e1s de Carranza Abogados\" \/>\n<meta property=\"og:description\" content=\"Semblanza Cristina Sim\u00f3n Ami\u00e1n Law degree from the Complutense University of Madrid. Graduated from the Centro de Estudios Tributarios y Econ\u00f3micos de Madrid (CETE). Cristina joined the firm in 2005. She specializes in commercial, procedural and bankruptcy law. Solid experience in the field of corporate law, advising companies in the incorporation and development of commercial [&hellip;]\" \/>\n<meta property=\"og:url\" content=\"https:\/\/tc-abogados.es\/en\/cristina-simon-amian\/\" \/>\n<meta property=\"og:site_name\" content=\"Thom\u00e1s de Carranza Abogados\" \/>\n<meta property=\"article:modified_time\" content=\"2024-05-20T19:43:24+00:00\" \/>\n<meta name=\"twitter:card\" content=\"summary_large_image\" \/>\n<meta name=\"twitter:label1\" content=\"Est. reading time\" \/>\n\t<meta name=\"twitter:data1\" content=\"1 minute\" \/>\n<script type=\"application\/ld+json\" class=\"yoast-schema-graph\">{\"@context\":\"https:\/\/schema.org\",\"@graph\":[{\"@type\":\"WebPage\",\"@id\":\"https:\/\/tc-abogados.es\/en\/cristina-simon-amian\/\",\"url\":\"https:\/\/tc-abogados.es\/en\/cristina-simon-amian\/\",\"name\":\"Cristina Sim\u00f3n Ami\u00e1n - Thom\u00e1s de Carranza Abogados\",\"isPartOf\":{\"@id\":\"https:\/\/tc-abogados.es\/en\/#website\"},\"datePublished\":\"2024-01-08T08:24:44+00:00\",\"dateModified\":\"2024-05-20T19:43:24+00:00\",\"breadcrumb\":{\"@id\":\"https:\/\/tc-abogados.es\/en\/cristina-simon-amian\/#breadcrumb\"},\"inLanguage\":\"en-US\",\"potentialAction\":[{\"@type\":\"ReadAction\",\"target\":[\"https:\/\/tc-abogados.es\/en\/cristina-simon-amian\/\"]}]},{\"@type\":\"BreadcrumbList\",\"@id\":\"https:\/\/tc-abogados.es\/en\/cristina-simon-amian\/#breadcrumb\",\"itemListElement\":[{\"@type\":\"ListItem\",\"position\":1,\"name\":\"Portada\",\"item\":\"https:\/\/tc-abogados.es\/en\/\"},{\"@type\":\"ListItem\",\"position\":2,\"name\":\"Cristina Sim\u00f3n Ami\u00e1n\"}]},{\"@type\":\"WebSite\",\"@id\":\"https:\/\/tc-abogados.es\/en\/#website\",\"url\":\"https:\/\/tc-abogados.es\/en\/\",\"name\":\"Thom\u00e1s de Carranza Abogados\",\"description\":\"\",\"publisher\":{\"@id\":\"https:\/\/tc-abogados.es\/en\/#organization\"},\"potentialAction\":[{\"@type\":\"SearchAction\",\"target\":{\"@type\":\"EntryPoint\",\"urlTemplate\":\"https:\/\/tc-abogados.es\/en\/?s={search_term_string}\"},\"query-input\":{\"@type\":\"PropertyValueSpecification\",\"valueRequired\":true,\"valueName\":\"search_term_string\"}}],\"inLanguage\":\"en-US\"},{\"@type\":\"Organization\",\"@id\":\"https:\/\/tc-abogados.es\/en\/#organization\",\"name\":\"Thom\u00e1s de Carranza Abogados\",\"url\":\"https:\/\/tc-abogados.es\/en\/\",\"logo\":{\"@type\":\"ImageObject\",\"inLanguage\":\"en-US\",\"@id\":\"https:\/\/tc-abogados.es\/en\/#\/schema\/logo\/image\/\",\"url\":\"https:\/\/tc-abogados.es\/wp-content\/uploads\/2023\/09\/cropped-favicon_tdc.png\",\"contentUrl\":\"https:\/\/tc-abogados.es\/wp-content\/uploads\/2023\/09\/cropped-favicon_tdc.png\",\"width\":512,\"height\":512,\"caption\":\"Thom\u00e1s de Carranza Abogados\"},\"image\":{\"@id\":\"https:\/\/tc-abogados.es\/en\/#\/schema\/logo\/image\/\"},\"sameAs\":[\"https:\/\/www.linkedin.com\/company\/thomas-de-carranza-abogados\/\",\"https:\/\/www.youtube.com\/@thomasdecarranzaabogados2678\"]}]}<\/script>\n<!-- \/ Yoast SEO plugin. -->","yoast_head_json":{"title":"Cristina Sim\u00f3n Ami\u00e1n - Thom\u00e1s de Carranza Abogados","robots":{"index":"index","follow":"follow","max-snippet":"max-snippet:-1","max-image-preview":"max-image-preview:large","max-video-preview":"max-video-preview:-1"},"canonical":"https:\/\/tc-abogados.es\/en\/cristina-simon-amian\/","og_locale":"en_US","og_type":"article","og_title":"Cristina Sim\u00f3n Ami\u00e1n - Thom\u00e1s de Carranza Abogados","og_description":"Semblanza Cristina Sim\u00f3n Ami\u00e1n Law degree from the Complutense University of Madrid. Graduated from the Centro de Estudios Tributarios y Econ\u00f3micos de Madrid (CETE). Cristina joined the firm in 2005. She specializes in commercial, procedural and bankruptcy law. Solid experience in the field of corporate law, advising companies in the incorporation and development of commercial [&hellip;]","og_url":"https:\/\/tc-abogados.es\/en\/cristina-simon-amian\/","og_site_name":"Thom\u00e1s de Carranza Abogados","article_modified_time":"2024-05-20T19:43:24+00:00","twitter_card":"summary_large_image","twitter_misc":{"Est. reading time":"1 minute"},"schema":{"@context":"https:\/\/schema.org","@graph":[{"@type":"WebPage","@id":"https:\/\/tc-abogados.es\/en\/cristina-simon-amian\/","url":"https:\/\/tc-abogados.es\/en\/cristina-simon-amian\/","name":"Cristina Sim\u00f3n Ami\u00e1n - Thom\u00e1s de Carranza Abogados","isPartOf":{"@id":"https:\/\/tc-abogados.es\/en\/#website"},"datePublished":"2024-01-08T08:24:44+00:00","dateModified":"2024-05-20T19:43:24+00:00","breadcrumb":{"@id":"https:\/\/tc-abogados.es\/en\/cristina-simon-amian\/#breadcrumb"},"inLanguage":"en-US","potentialAction":[{"@type":"ReadAction","target":["https:\/\/tc-abogados.es\/en\/cristina-simon-amian\/"]}]},{"@type":"BreadcrumbList","@id":"https:\/\/tc-abogados.es\/en\/cristina-simon-amian\/#breadcrumb","itemListElement":[{"@type":"ListItem","position":1,"name":"Portada","item":"https:\/\/tc-abogados.es\/en\/"},{"@type":"ListItem","position":2,"name":"Cristina Sim\u00f3n Ami\u00e1n"}]},{"@type":"WebSite","@id":"https:\/\/tc-abogados.es\/en\/#website","url":"https:\/\/tc-abogados.es\/en\/","name":"Thom\u00e1s de Carranza Abogados","description":"","publisher":{"@id":"https:\/\/tc-abogados.es\/en\/#organization"},"potentialAction":[{"@type":"SearchAction","target":{"@type":"EntryPoint","urlTemplate":"https:\/\/tc-abogados.es\/en\/?s={search_term_string}"},"query-input":{"@type":"PropertyValueSpecification","valueRequired":true,"valueName":"search_term_string"}}],"inLanguage":"en-US"},{"@type":"Organization","@id":"https:\/\/tc-abogados.es\/en\/#organization","name":"Thom\u00e1s de Carranza Abogados","url":"https:\/\/tc-abogados.es\/en\/","logo":{"@type":"ImageObject","inLanguage":"en-US","@id":"https:\/\/tc-abogados.es\/en\/#\/schema\/logo\/image\/","url":"https:\/\/tc-abogados.es\/wp-content\/uploads\/2023\/09\/cropped-favicon_tdc.png","contentUrl":"https:\/\/tc-abogados.es\/wp-content\/uploads\/2023\/09\/cropped-favicon_tdc.png","width":512,"height":512,"caption":"Thom\u00e1s de Carranza Abogados"},"image":{"@id":"https:\/\/tc-abogados.es\/en\/#\/schema\/logo\/image\/"},"sameAs":["https:\/\/www.linkedin.com\/company\/thomas-de-carranza-abogados\/","https:\/\/www.youtube.com\/@thomasdecarranzaabogados2678"]}]}},"_links":{"self":[{"href":"https:\/\/tc-abogados.es\/en\/wp-json\/wp\/v2\/pages\/4243","targetHints":{"allow":["GET"]}}],"collection":[{"href":"https:\/\/tc-abogados.es\/en\/wp-json\/wp\/v2\/pages"}],"about":[{"href":"https:\/\/tc-abogados.es\/en\/wp-json\/wp\/v2\/types\/page"}],"author":[{"embeddable":true,"href":"https:\/\/tc-abogados.es\/en\/wp-json\/wp\/v2\/users\/1"}],"replies":[{"embeddable":true,"href":"https:\/\/tc-abogados.es\/en\/wp-json\/wp\/v2\/comments?post=4243"}],"version-history":[{"count":3,"href":"https:\/\/tc-abogados.es\/en\/wp-json\/wp\/v2\/pages\/4243\/revisions"}],"predecessor-version":[{"id":4248,"href":"https:\/\/tc-abogados.es\/en\/wp-json\/wp\/v2\/pages\/4243\/revisions\/4248"}],"wp:attachment":[{"href":"https:\/\/tc-abogados.es\/en\/wp-json\/wp\/v2\/media?parent=4243"}],"curies":[{"name":"wp","href":"https:\/\/api.w.org\/{rel}","templated":true}]}}